{"id":49,"date":"2018-06-08T10:55:33","date_gmt":"2018-06-08T10:55:33","guid":{"rendered":"http:\/\/www.s-tisak-probe.com.hr\/kdf\/?page_id=49"},"modified":"2026-04-14T03:24:55","modified_gmt":"2026-04-14T02:24:55","slug":"o-festivalu","status":"publish","type":"page","link":"https:\/\/freedance.hr\/kdf-hr\/o-festivalu\/","title":{"rendered":"O FESTIVALU"},"content":{"rendered":"\t\t<div data-elementor-type=\"wp-page\" data-elementor-id=\"49\" class=\"elementor elementor-49\">\n\t\t\t\t<div class=\"elementor-element elementor-element-e5b2c94 e-con-full e-flex e-con e-parent\" data-id=\"e5b2c94\" data-element_type=\"container\" data-e-type=\"container\">\n\t\t<div class=\"elementor-element elementor-element-bf97c71 e-con-full e-flex e-con e-child\" data-id=\"bf97c71\" data-element_type=\"container\" data-e-type=\"container\">\n\t\t\t\t<div class=\"elementor-element elementor-element-c672cef elementor-widget elementor-widget-image\" data-id=\"c672cef\" data-element_type=\"widget\" data-e-type=\"widget\" data-widget_type=\"image.default\">\n\t\t\t\t<div class=\"elementor-widget-container\">\n\t\t\t\t\t\t\t\t\t\t\t\t\t\t\t<img fetchpriority=\"high\" decoding=\"async\" width=\"425\" height=\"283\" src=\"https:\/\/freedance.hr\/kdf-hr\/wp-content\/uploads\/sites\/8\/2018\/06\/kdf_logoblue.png\" class=\"attachment-full size-full wp-image-5\" alt=\"\" srcset=\"https:\/\/freedance.hr\/kdf-hr\/wp-content\/uploads\/sites\/8\/2018\/06\/kdf_logoblue.png 425w, https:\/\/freedance.hr\/kdf-hr\/wp-content\/uploads\/sites\/8\/2018\/06\/kdf_logoblue-300x200.png 300w\" sizes=\"(max-width: 425px) 100vw, 425px\" style=\"width:100%;height:66.59%;max-width:425px\" \/>\t\t\t\t\t\t\t\t\t\t\t\t\t\t\t<\/div>\n\t\t\t\t<\/div>\n\t\t\t\t<\/div>\n\t\t<div class=\"elementor-element elementor-element-b9337e2 e-con-full e-flex e-con e-child\" data-id=\"b9337e2\" data-element_type=\"container\" data-e-type=\"container\">\n\t\t\t\t<div class=\"elementor-element elementor-element-c6ca9b5 elementor-widget elementor-widget-image\" data-id=\"c6ca9b5\" data-element_type=\"widget\" data-e-type=\"widget\" data-widget_type=\"image.default\">\n\t\t\t\t<div class=\"elementor-widget-container\">\n\t\t\t\t\t\t\t\t\t\t\t\t\t\t\t<img decoding=\"async\" width=\"2528\" height=\"1022\" src=\"https:\/\/freedance.hr\/kdf-hr\/wp-content\/uploads\/sites\/8\/2020\/08\/Logo-KDF_crni.png\" class=\"attachment-full size-full wp-image-361\" alt=\"\" srcset=\"https:\/\/freedance.hr\/kdf-hr\/wp-content\/uploads\/sites\/8\/2020\/08\/Logo-KDF_crni.png 2528w, https:\/\/freedance.hr\/kdf-hr\/wp-content\/uploads\/sites\/8\/2020\/08\/Logo-KDF_crni-300x121.png 300w, https:\/\/freedance.hr\/kdf-hr\/wp-content\/uploads\/sites\/8\/2020\/08\/Logo-KDF_crni-768x310.png 768w, https:\/\/freedance.hr\/kdf-hr\/wp-content\/uploads\/sites\/8\/2020\/08\/Logo-KDF_crni-1024x414.png 1024w\" sizes=\"(max-width: 2528px) 100vw, 2528px\" style=\"width:100%;height:40.43%;max-width:2528px\" \/>\t\t\t\t\t\t\t\t\t\t\t\t\t\t\t<\/div>\n\t\t\t\t<\/div>\n\t\t\t\t<\/div>\n\t\t<div class=\"elementor-element elementor-element-f7a9976 e-con-full e-flex e-con e-child\" data-id=\"f7a9976\" data-element_type=\"container\" data-e-type=\"container\">\n\t\t\t\t<div class=\"elementor-element elementor-element-2aa3aae elementor-widget elementor-widget-image\" data-id=\"2aa3aae\" data-element_type=\"widget\" data-e-type=\"widget\" data-widget_type=\"image.default\">\n\t\t\t\t<div class=\"elementor-widget-container\">\n\t\t\t\t\t\t\t\t\t\t\t\t\t\t\t<img decoding=\"async\" width=\"2528\" height=\"1022\" src=\"https:\/\/freedance.hr\/kdf-hr\/wp-content\/uploads\/sites\/8\/2021\/05\/Logo-KDF_crveni.png\" class=\"attachment-full size-full wp-image-463\" alt=\"\" srcset=\"https:\/\/freedance.hr\/kdf-hr\/wp-content\/uploads\/sites\/8\/2021\/05\/Logo-KDF_crveni.png 2528w, https:\/\/freedance.hr\/kdf-hr\/wp-content\/uploads\/sites\/8\/2021\/05\/Logo-KDF_crveni-300x121.png 300w, https:\/\/freedance.hr\/kdf-hr\/wp-content\/uploads\/sites\/8\/2021\/05\/Logo-KDF_crveni-1024x414.png 1024w, https:\/\/freedance.hr\/kdf-hr\/wp-content\/uploads\/sites\/8\/2021\/05\/Logo-KDF_crveni-768x310.png 768w, https:\/\/freedance.hr\/kdf-hr\/wp-content\/uploads\/sites\/8\/2021\/05\/Logo-KDF_crveni-1536x621.png 1536w, https:\/\/freedance.hr\/kdf-hr\/wp-content\/uploads\/sites\/8\/2021\/05\/Logo-KDF_crveni-2048x828.png 2048w\" sizes=\"(max-width: 2528px) 100vw, 2528px\" style=\"width:100%;height:40.43%;max-width:2528px\" \/>\t\t\t\t\t\t\t\t\t\t\t\t\t\t\t<\/div>\n\t\t\t\t<\/div>\n\t\t\t\t<\/div>\n\t\t\t\t<\/div>\n\t\t<div class=\"elementor-element elementor-element-b3da0be e-flex e-con-boxed e-con e-parent\" data-id=\"b3da0be\" data-element_type=\"container\" data-e-type=\"container\">\n\t\t\t\t\t<div class=\"e-con-inner\">\n\t\t\t\t<div class=\"elementor-element elementor-element-924ef96 elementor-widget elementor-widget-text-editor\" data-id=\"924ef96\" data-element_type=\"widget\" data-e-type=\"widget\" data-widget_type=\"text-editor.default\">\n\t\t\t\t<div class=\"elementor-widget-container\">\n\t\t\t\t\t\t\t\t\t<article class=\"kdf-page\"><p>Karlovac Dance Festival (KDF) pokrenut je 2011. u organizaciji Centra za plesnu i izvedbenu umjetnost F.R.E.E. D.A.N.C.E. Karlovac kao inicijativa i mjesto otvoreno za suradnje, te razmjenu iskustava i znanja, u cilju njegovanja i poticanja razvoja suvremene plesne umjetnosti.<\/p><section id=\"o-festivalu\"><p>Projekt KDF-a te\u017ei ostvarivanju i oboga\u0107ivanju dru\u0161tveno-kulturnih, odgojno-obrazovnih te kreativnih vrijednosti. Cilj KDF-a jest u Karlovcu organizirati me\u0111unarodni partnerski plesni projekt s naglaskom na produkcijsku platformu, multikulturalne i umjetni\u010dke suradnje, rezidencije, istra\u017eiva\u010dke projekte i otvoreni dijalog umjetnika, publike te nacionalnih i internacionalnih sudionika.<\/p><\/section><\/article>\t\t\t\t\t\t\t\t<\/div>\n\t\t\t\t<\/div>\n\t\t\t\t<div class=\"elementor-element elementor-element-1e8f7d7 elementor-widget elementor-widget-image\" data-id=\"1e8f7d7\" data-element_type=\"widget\" data-e-type=\"widget\" data-widget_type=\"image.default\">\n\t\t\t\t<div class=\"elementor-widget-container\">\n\t\t\t\t\t\t\t\t\t\t\t\t\t\t\t<img loading=\"lazy\" decoding=\"async\" width=\"257\" height=\"126\" src=\"https:\/\/freedance.hr\/kdf-hr\/wp-content\/uploads\/sites\/8\/2024\/04\/freedance_logored-1.png\" class=\"attachment-full size-full wp-image-2195\" alt=\"\" style=\"width:100%;height:49.03%;max-width:257px\" \/>\t\t\t\t\t\t\t\t\t\t\t\t\t\t\t<\/div>\n\t\t\t\t<\/div>\n\t\t\t\t<div class=\"elementor-element elementor-element-d29aa99 elementor-widget elementor-widget-text-editor\" data-id=\"d29aa99\" data-element_type=\"widget\" data-e-type=\"widget\" data-widget_type=\"text-editor.default\">\n\t\t\t\t<div class=\"elementor-widget-container\">\n\t\t\t\t\t\t\t\t\t<article class=\"kdf-page\"><section id=\"o-festivalu\"><h2>F.R.E.E. D.A.N.C.E.<\/h2><\/section><section id=\"free-dance\"><p>FREE DANCE je udruga za plesnu i izvedbenu umjetnost osnovana 2004. godine.<\/p><p><strong>Primarna djelatnost:<\/strong> plesna edukacija, organizacija, suradnja i produciranje plesno-izvedbenih projekata te razvijanje plesne umjetnosti.<\/p><p><strong>Ciljevi:<\/strong> promicanje kulturnih i edukativno-plesnih ciljeva; stvaranje uvjeta za razvoj suvremene plesne umjetnosti.<\/p><p><strong>Strategija:<\/strong> kreativnost, istra\u017eiva\u010dki rad i razvojni plesni programi.<\/p><\/section><section id=\"kdf-001\"><h2>\u00a0<\/h2><h2>\u00a0<\/h2><h1>Karlovac Dance Festival 001<\/h1><p>\u00a0<\/p><p><strong>KDF 001 \/ \u201cOtvorena vrata\u201d<\/strong><\/p><p>Me\u0111unarodni festival suvremenog plesa i izvedbenih umjetnosti.<\/p><ul><li>Internacionalna gostovanja<\/li><li>Produkcijska platforma<\/li><li>Istra\u017eiva\u010dki laboratorij suvremene plesne umjetnosti<\/li><li>Suradnje i dijalozi<\/li><\/ul><p><strong>Organizator programa:<\/strong> Centar za plesnu i izvedbenu umjetnost F.R.E.E. D.A.N.C.E.<\/p><p><strong>Direktorica festivala:<\/strong> Melita Spahi\u0107 Bezjak<\/p><p>Projekt festivala te\u017ei razvoju dru\u0161tveno-kulturnih, odgojno-obrazovnih i kreativnih vrijednosti, s posebnom pa\u017enjom na identitet karlova\u010dke, hrvatske i me\u0111unarodne plesne scene.<\/p><p>\u00a0<\/p><\/section><section id=\"ciljevi\"><h2>Ciljevi projekta<\/h2><h3>Temeljni cilj festivala<\/h3><ul><li>Multikulturalna produkcija i umjetni\u010dke suradnje<\/li><li>Razvoj profesionalnog iskustva u produkciji festivala<\/li><li>Me\u0111unarodna i nacionalna razmjena iskustava<\/li><\/ul><h3>Dodatni ciljevi<\/h3><ul><li>Prikazivanje plesnih predstava hrvatskih autora<\/li><li>Prikazivanje inozemnih autora i edukativnih sadr\u017eaja<\/li><li>Razvoj Karlovca kao centra suvremene plesne kulture<\/li><li>Produkcija me\u0111unarodnih rezidencijalnih projekata<\/li><\/ul><h3>Obrazovni i kulturni aspekt<\/h3><ul><li>Neformalno obrazovanje djece, mladih i odraslih<\/li><li>Razvoj publike i pristup informacijama<\/li><li>Me\u0111unarodna kulturna razmjena<\/li><li>Stvaranje novih koreografskih radova<\/li><li>Razvoj pisanja i diskursa o plesu<\/li><\/ul><blockquote><p>\u201cKultura i kreativnost ti\u010du se svakodnevnog \u017eivota gra\u0111ana&#8230;\u201d<\/p><\/blockquote><\/section><section id=\"lokacije\"><h2>Festivalske lokacije<\/h2><p>Festival se odvija na otvorenim lokacijama grada Karlovca:<\/p><ul><li>Karlova\u010dka Zvijezda i ulice<\/li><li>Parkovi<\/li><li>Rijeka Korana<\/li><li>Stari grad Dubovac<\/li><li>Korzo<\/li><\/ul><p>Poseban naglasak stavlja se na nedostatak izvedbenih prostora za ples u Karlovcu.<\/p><\/section><\/article><p>\u00a0<\/p><article class=\"kdf-page\"><section id=\"partneri\"><h2>Partneri 2011.<\/h2><h3>Inozemni partneri<\/h3><ul><li>Veedha, Atena (Gr\u010dka)<\/li><li>Improvisamente, Sardinija (Italija)<\/li><li>Melita Spahi\u0107 Dance, London (UK)<\/li><li>Atxarte Lopez de Munain (Basque Country)<\/li><li>Avatara Ayuso Dance Company (UK\/Spain)<\/li><\/ul><h3>Partneri u Hrvatskoj<\/h3><ul><li>Studio 23 Karlovac<\/li><li>Promenada Klub<\/li><li>Kino Klub Karlovac<\/li><\/ul><p>\u00a0<\/p><\/section><section id=\"vizija\"><h2>Budu\u0107nost i vizija projekta<\/h2><p>Projekt poti\u010de razvoj suvremene plesne scene u Karlovcu i Hrvatskoj kroz dugoro\u010dne kulturne inicijative.<\/p><h2>\u00a0<\/h2><h2>Misija KDF-a<\/h2><ul><li>Pove\u0107anje publike suvremenog plesa<\/li><li>Otvorena komunikacija i dostupnost informacija<\/li><li>Razvoj kulturnog i osobnog identiteta grada<\/li><li>Me\u0111unarodna afirmacija Karlovca<\/li><li>Razvoj plesne strategije na lokalnoj i nacionalnoj razini<\/li><\/ul><p>\u00a0<\/p><p>Projekt uklju\u010duje izlo\u017ebe, predavanja, plesnu biblioteku i videoteke te edukativne projekcije koje omogu\u0107uju \u0161iru dostupnost materijala o suvremenom plesu.<\/p><\/section><\/article>\t\t\t\t\t\t\t\t<\/div>\n\t\t\t\t<\/div>\n\t\t\t\t\t<\/div>\n\t\t\t\t<\/div>\n\t\t<div class=\"elementor-element elementor-element-2cc4eb0b e-flex e-con-boxed e-con e-parent\" data-id=\"2cc4eb0b\" data-element_type=\"container\" data-e-type=\"container\">\n\t\t\t\t\t<div class=\"e-con-inner\">\n\t\t\t\t<div class=\"elementor-element elementor-element-3facfc87 elementor-widget elementor-widget-text-editor\" data-id=\"3facfc87\" data-element_type=\"widget\" data-e-type=\"widget\" data-widget_type=\"text-editor.default\">\n\t\t\t\t<div class=\"elementor-widget-container\">\n\t\t\t\t\t\t\t\t\t<p><img loading=\"lazy\" decoding=\"async\" class=\"size-full wp-image-38 aligncenter\" src=\"https:\/\/freedance.hr\/kdf-hr\/wp-content\/uploads\/sites\/8\/2018\/06\/kdf_logoblue-1.png\" alt=\"\" width=\"257\" height=\"126\" \/><\/p><p>Karlovac Dance Festival\u00a0(KDF) pokrenut je 2011. u organizaciji Centra za plesnu i izvedbenu umjetnost F.R.E.E. D.A.N.C.E. Karlovac kao inicijativa i mjesto otvoreno za suradnje, te razmjenu iskustava i znanja, u cilju njegovanja i poticanja razvoja suvremene plesne umjetnosti. Projekt KDFa te\u017ei ostvarivanju i oboga\u0107ivanju dru\u0161tveno-kulturnih, odgojno-obrazovnih te kreativnih vrijednosti. Cilj KDFa jest u Karlovcu organizirati stvaranje i odr\u017eavanje me\u0111unarodnog partnerskog plesnog projekta, sa naglaskom na produkcijsku platformu, multikulturalne i umjetni\u010dke suradnje, rezidencije, projekte istra\u017eivanja i otvoreni dijalog umjetnika, publike i nacionalnih i internacionalnih sudionika festivala.<\/p><p><img loading=\"lazy\" decoding=\"async\" class=\"size-full wp-image-2195 aligncenter\" src=\"https:\/\/freedance.hr\/kdf-hr\/wp-content\/uploads\/sites\/8\/2024\/04\/freedance_logored-1.png\" alt=\"\" width=\"257\" height=\"126\" \/><\/p><p><strong>F.R.E<\/strong><strong>.E.\u00a0<\/strong><strong>D.A.N.C.E.<\/strong><\/p><p>FREE DANCE je udruga za plesnu i izvedbenu umjetnost osnovana 2004. godine. <br \/>Primarna djelatnost je: plesna edukacija, organizacija, suradnja i produciranje plesno-izvedbenih projekata te razvijanje plesne umjetnosti.<br \/>Ciljevi trajnog karaktera: promicanje kulturnih i edukativno-plesnih ciljeva; ostvarivanje povoljnih uvjeta za razvoj suvremene plesne umjetnosti. Strategija projekta: kreativnost i istra\u017eiva\u010dki rad; plesni razvojni programi.<\/p><p><strong>KARLOVAC DANCE FESTIVAL 001<\/strong><\/p><p>Internacionalna gostovanja \u2502\u00a0 produkcijska platfroma \u2502 istra\u017eiva\u010dki laboratorij suvremene plesne umjetnosti \u2502 suradnje i dijalozi<\/p><p>KDF 001\/&#8217;Otvorena vrata&#8217;<\/p><p>Me\u0111unarodni festival suvremenog plesa i izvedbenih umjetnosti<\/p><p>Organizator programa: \u00a0\u00a0\u00a0\u00a0\u00a0 Centar za plesnu i izvedbenu umjetnost F.R.E.E. D.A.N.C.E.<\/p><p>Direktorica festivala:\u00a0\u00a0\u00a0\u00a0\u00a0\u00a0\u00a0\u00a0\u00a0\u00a0 Melita Spahi\u0107 Bezjak<\/p><p>Projekt karlova\u010dkog plesnog festivala te\u017ei ostvarivanju i oboga\u0107ivanju dru\u0161tveno-kulturnih , odgojno-obrazovnih te kreativnih vrijednosti. Osobita pozornost posve\u0107uje se znanju i\u00a0 identitetu karlova\u010dke ali i hrvatske te svjetske \u00a0plesne scene.<\/p><p>Cilj KDF-a jest u Karlovcu organizirati stvaranje i odr\u017eavanje me\u0111unarodnog partnerskog plesnog projekta,\u00a0 te pra\u0107enje tokova u suvremenom plesu kako za gledatelje i gra\u0111anstvo tako i za sudionike festivala.<\/p><p>Osobitost ovog kulturng projekta jesu:<\/p><p>neformalno obrazovanje djece, mladih i odraslih u polju suvremene plesne umjetnosti, neformalno obrazovanje publike te dostupnost informacija i edukacija<br \/>medjunarodna kulturna razmjena i suradnja te izmjena kontakata za ostale plesne umjetnike u Karlovcu<br \/>Protok informacija i komunikacija sa ostalim plesnim umjetnicima u gradu\u00a0 tijekom odr\u017eavanja programa<\/p><p>Izobrazba sudionika seminara i radionica te \u0161ire publike\u00a0 kao i stvaranje novih koreografskih radova na temelju radionica i festivalske produkcije<br \/>Pisanje o plesu<\/p><p>Samim time projekt i festival jesu u skladu sa Europskom kulturnom strategijom:<\/p><p>&#8220;Kultura i kreativnost ti\u010du se svakodnevnog \u017eivota gra\u0111ana. To su va\u017eni okida\u010di za osobni razvoj, socijalnu koheziju i ekonomski rast. No to zna\u010di i mnogo vi\u0161e: to su sredi\u0161nji elementi europskog projekta utemeljenog na vrijednostima zajedni\u010dke ba\u0161tine, koja istovremeno priznaje i po\u0161tuje raznolikost&#8221;, EK Jose Manuel Barroso. ..&#8217;<\/p><p><strong>CILJEVI PROJEKTA<\/strong><\/p><p>1.Temeljni cilj festivala:<\/p><p>Multi-kulturalna produkcija i umjetni\u010dke suradnje na kojima \u0107e biti glavni naglasak\u00a0 sa aktivnim uklju\u010divanjem i suradnjama razli\u010ditih umjetni\u010dkih organizacija i umjetnika<br \/>Stjecanje profesionalnog iskustva u produciranju i organiziranju visoko kvalitetnog programa festivala kao i produkciji trans-nacionalnog multikulturalnog plesnog projekta<br \/>Ideja je i misao vodilja festvala internacionalna i nacionalna razmjena i izmjena iskustva<\/p><p>2. prikazivanje plesnih predstava hrvatskih autora<\/p><p>3. prikazivanje plesnih predstava inozemnih autora te edukativni i kreativni sadr\u017eaji vezani uz plesnu umjetnost<\/p><p>Jedan od ciljeva je i dugoro\u010dno osigurati da Karlovac bude centar za plesnu kulturu te time i promoviranje grada Karlovca u ovom segmentu umjetni\u010dkog stvarala\u0161tva i prezentacije istog.<\/p><p>Cilj projekta je organizirati me\u0111unarodni plesni festival u sklopu plesnih rezidencija umjetnika koji bi se odr\u017eavao u Karlovcu na vi\u0161e lokacija, a poslije zavr\u0161na predstava koja bi se u budu\u0107nosti izvodila u u zemljama partnera festivala ( RH, Engleskoj, Gr\u010dkoj, Basque Country, Italiji).<\/p><p><strong>FESTIVALSKE LOKACIJE<\/strong><\/p><p>Festival je prvenstveno zami\u0161ljen\u00a0 da se ve\u0107ina programa odvija na otvorenim lokacijama grada Karlovca. Specifi\u010dne lokacije: Karlovacka Zvijezda i njene ulice, parkovi, rijeka Korana,. Stari grad Dubovac, Korzo. Poseban naglasak stavlja se i na potrebu nedosatka izvedbenog prostora za plesne predstave u gradu Karlovcu.<\/p><p>PARTNERI 2011.g<\/p><p>Partneri u inozemstvu :<\/p><p>&#8216;Veedha&#8217; Umjetni\u010dka kazali\u0161na organizacija, direktor Rowan Thorpe, Atena, Grcka<br \/>Improvisamente, umjetnicka organizacija, Sardinija, Italija, director Carla Onni<br \/>Melita Spahic Dance, UK, London sa suradnicima :<br \/>Atxarte Lopez de Munain, Basque Country<br \/>Avatara Ayuso Dance &gt;Company (UK\/Spain)<\/p><p>Partneri u RH:<\/p><p>Studio 23, Karlovac, Promenada KLub, Kino Klub Karlovac<\/p><p><strong>BUDU\u0106NOST I VIZIJA PROJEKTA<\/strong><\/p><p>Pokretanje i organizacija festivala je projekt kojim bi se poticao razvoj suvremene plesne scene u\u00a0 Karlovcu\u00a0 i RH.<\/p><p>Misija KDF-a<\/p><p>Pove\u0107anje broja\u00a0 publike suvremenog plesa.<br \/>Otvaranje inicijative za komunikacjom i povezano\u0161\u0107u te otvorenost i pristup informacijama<\/p><p>Plesni odgoj i obrazovanje trebali bi pomo\u0107i u izgradnji osobnoga i kulturnoga identiteta grada Karlovca a time i njegovu promociju i afirmaciju ne samo u RH ve\u0107 i u inozemstvu. Sa ve\u0107 dosada\u0161njim postignu\u0107ima ovaj projekt bi poku\u0161ao potaknuti stvaranje kulturne i plesne strategije u gradu Karlovcu i RH te otvoriti pitanje budu\u0107nosti profesionalne plesne scene \u00a0u Karlovcu kao i internacionalne afirmacije.<br \/>Dostupnost informacija i materijala o suvremenom plesu putem izlo\u017ebi, predavanja, plesne biblioteke i videoteke te projekcija koje bi omogu\u0107ile dostupnost edukativnih materijala<\/p>\t\t\t\t\t\t\t\t<\/div>\n\t\t\t\t<\/div>\n\t\t\t\t\t<\/div>\n\t\t\t\t<\/div>\n\t\t\t\t<\/div>\n\t\t","protected":false},"excerpt":{"rendered":"<p>Karlovac Dance Festival (KDF) pokrenut je 2011. u organizaciji Centra za plesnu i izvedbenu umjetnost F.R.E.E. D.A.N.C.E. Karlovac kao inicijativa i mjesto otvoreno za suradnje, te razmjenu iskustava i znanja, u cilju njegovanja i poticanja razvoja suvremene plesne umjetnosti. Projekt KDF-a te\u017ei ostvarivanju i oboga\u0107ivanju dru\u0161tveno-kulturnih, odgojno-obrazovnih te kreativnih vrijednosti. Cilj KDF-a jest u Karlovcu&hellip; <a class=\"more-link\" href=\"https:\/\/freedance.hr\/kdf-hr\/o-festivalu\/\">Continue reading <span class=\"screen-reader-text\">O FESTIVALU<\/span><\/a><\/p>\n","protected":false},"author":1,"featured_media":0,"parent":0,"menu_order":0,"comment_status":"closed","ping_status":"closed","template":"","meta":{"footnotes":""},"class_list":["post-49","page","type-page","status-publish","hentry","entry"],"_links":{"self":[{"href":"https:\/\/freedance.hr\/kdf-hr\/wp-json\/wp\/v2\/pages\/49","targetHints":{"allow":["GET"]}}],"collection":[{"href":"https:\/\/freedance.hr\/kdf-hr\/wp-json\/wp\/v2\/pages"}],"about":[{"href":"https:\/\/freedance.hr\/kdf-hr\/wp-json\/wp\/v2\/types\/page"}],"author":[{"embeddable":true,"href":"https:\/\/freedance.hr\/kdf-hr\/wp-json\/wp\/v2\/users\/1"}],"replies":[{"embeddable":true,"href":"https:\/\/freedance.hr\/kdf-hr\/wp-json\/wp\/v2\/comments?post=49"}],"version-history":[{"count":33,"href":"https:\/\/freedance.hr\/kdf-hr\/wp-json\/wp\/v2\/pages\/49\/revisions"}],"predecessor-version":[{"id":2983,"href":"https:\/\/freedance.hr\/kdf-hr\/wp-json\/wp\/v2\/pages\/49\/revisions\/2983"}],"wp:attachment":[{"href":"https:\/\/freedance.hr\/kdf-hr\/wp-json\/wp\/v2\/media?parent=49"}],"curies":[{"name":"wp","href":"https:\/\/api.w.org\/{rel}","templated":true}]}}